{"id":123,"date":"2017-07-10T15:43:47","date_gmt":"2017-07-10T13:43:47","guid":{"rendered":"http:\/\/hausundwohnen.de\/Word\/wordpress\/?page_id=123"},"modified":"2023-07-26T12:11:56","modified_gmt":"2023-07-26T10:11:56","slug":"impressum","status":"publish","type":"page","link":"https:\/\/hausundwohnen.de\/?page_id=123","title":{"rendered":"Impressum"},"content":{"rendered":"<p><img loading=\"lazy\" decoding=\"async\" class=\"alignnone size-full wp-image-20\" src=\"http:\/\/hausundwohnen.de\/Word\/wordpress\/wp-content\/uploads\/2017\/07\/Logo.jpg\" alt=\"\" width=\"200\" height=\"114\" \/><\/p>\n<p>Haus &amp; Wohnen GmbH<br \/>\nSch\u00f6ne Aussicht 12<br \/>\n57520 Emmerzhausen<br \/>\nTel.: 02743\/9200-0<br \/>\nFax : 02743\/9200-29<br \/>\nInfo@HausundWohnen.de<\/p>\n<p>Firmeninhaber :<br \/>\nHans-J\u00fcrgen Joswig<\/p>\n<p>Aufsichtsbeh\u00f6rde: Verbandsgemeindeverwaltung 57567 Daaden<br \/>\nHandelsregister-Nr. : HRB2557 Registergericht Montabaur<br \/>\nUmsatzsteuernr.: 02\/651\/00543<br \/>\nVersicherungsvermittlerregister-Nr. : D-LJ3O-BJEB5-00 IHK Koblenz<br \/>\nKammer: DIHK | Deutsche Industrie und Handelskammer Koblenz, Schlossstr. 2, 56068 Koblenz<\/p>\n","protected":false},"excerpt":{"rendered":"<p>Haus &amp; Wohnen GmbH Sch\u00f6ne Aussicht 12 57520 Emmerzhausen Tel.: 02743\/9200-0 Fax : 02743\/9200-29 Info@HausundWohnen.de Firmeninhaber : Hans-J\u00fcrgen Joswig Aufsichtsbeh\u00f6rde: Verbandsgemeindeverwaltung 57567 Daaden Handelsregister-Nr. : HRB2557 Registergericht Montabaur Umsatzsteuernr.: 02\/651\/00543 Versicherungsvermittlerregister-Nr. : D-LJ3O-BJEB5-00 IHK Koblenz Kammer: DIHK | Deutsche Industrie und Handelskammer Koblenz, Schlossstr. 2, 56068 Koblenz<\/p>\n","protected":false},"author":1,"featured_media":0,"parent":0,"menu_order":0,"comment_status":"closed","ping_status":"closed","template":"","meta":{"footnotes":""},"class_list":["post-123","page","type-page","status-publish","hentry"],"yoast_head":"<!-- This site is optimized with the Yoast SEO plugin v26.6 - https:\/\/yoast.com\/wordpress\/plugins\/seo\/ -->\n<title>Impressum - Ihr Partner f\u00fcr Ihre Finanzen und Baufinanzierungen<\/title>\n<meta name=\"description\" content=\"Der Weg zum Eigenheim f\u00fchrt \u00fcber die Baufinanzierung. Wir, die Firma Haus&amp;Wohnen bieten Ihnen eine individuelle, ma\u00dfgenaue und vor allen Dingen komplette Baufinanzierung.\" \/>\n<meta name=\"robots\" content=\"index, follow, max-snippet:-1, max-image-preview:large, max-video-preview:-1\" \/>\n<link rel=\"canonical\" href=\"https:\/\/hausundwohnen.de\/?page_id=123\" \/>\n<meta property=\"og:locale\" content=\"de_DE\" \/>\n<meta property=\"og:type\" content=\"article\" \/>\n<meta property=\"og:title\" content=\"Impressum - Ihr Partner f\u00fcr Ihre Finanzen und Baufinanzierungen\" \/>\n<meta property=\"og:description\" content=\"Der Weg zum Eigenheim f\u00fchrt \u00fcber die Baufinanzierung. Wir, die Firma Haus&amp;Wohnen bieten Ihnen eine individuelle, ma\u00dfgenaue und vor allen Dingen komplette Baufinanzierung.\" \/>\n<meta property=\"og:url\" content=\"https:\/\/hausundwohnen.de\/?page_id=123\" \/>\n<meta property=\"og:site_name\" content=\"Ihr Partner f\u00fcr Ihre Finanzen und Baufinanzierungen\" \/>\n<meta property=\"article:modified_time\" content=\"2023-07-26T10:11:56+00:00\" \/>\n<meta property=\"og:image\" content=\"http:\/\/hausundwohnen.de\/Word\/wordpress\/wp-content\/uploads\/2017\/07\/Logo.jpg\" \/>\n<meta name=\"twitter:card\" content=\"summary_large_image\" \/>\n<meta name=\"twitter:label1\" content=\"Gesch\u00e4tzte Lesezeit\" \/>\n\t<meta name=\"twitter:data1\" content=\"1\u00a0Minute\" \/>\n<script type=\"application\/ld+json\" class=\"yoast-schema-graph\">{\"@context\":\"https:\/\/schema.org\",\"@graph\":[{\"@type\":\"WebPage\",\"@id\":\"https:\/\/hausundwohnen.de\/?page_id=123\",\"url\":\"https:\/\/hausundwohnen.de\/?page_id=123\",\"name\":\"Impressum - Ihr Partner f\u00fcr Ihre Finanzen und Baufinanzierungen\",\"isPartOf\":{\"@id\":\"https:\/\/hausundwohnen.de\/#website\"},\"primaryImageOfPage\":{\"@id\":\"https:\/\/hausundwohnen.de\/?page_id=123#primaryimage\"},\"image\":{\"@id\":\"https:\/\/hausundwohnen.de\/?page_id=123#primaryimage\"},\"thumbnailUrl\":\"http:\/\/hausundwohnen.de\/Word\/wordpress\/wp-content\/uploads\/2017\/07\/Logo.jpg\",\"datePublished\":\"2017-07-10T13:43:47+00:00\",\"dateModified\":\"2023-07-26T10:11:56+00:00\",\"description\":\"Der Weg zum Eigenheim f\u00fchrt \u00fcber die Baufinanzierung. Wir, die Firma Haus&Wohnen bieten Ihnen eine individuelle, ma\u00dfgenaue und vor allen Dingen komplette Baufinanzierung.\",\"breadcrumb\":{\"@id\":\"https:\/\/hausundwohnen.de\/?page_id=123#breadcrumb\"},\"inLanguage\":\"de\",\"potentialAction\":[{\"@type\":\"ReadAction\",\"target\":[\"https:\/\/hausundwohnen.de\/?page_id=123\"]}]},{\"@type\":\"ImageObject\",\"inLanguage\":\"de\",\"@id\":\"https:\/\/hausundwohnen.de\/?page_id=123#primaryimage\",\"url\":\"http:\/\/hausundwohnen.de\/Word\/wordpress\/wp-content\/uploads\/2017\/07\/Logo.jpg\",\"contentUrl\":\"http:\/\/hausundwohnen.de\/Word\/wordpress\/wp-content\/uploads\/2017\/07\/Logo.jpg\"},{\"@type\":\"BreadcrumbList\",\"@id\":\"https:\/\/hausundwohnen.de\/?page_id=123#breadcrumb\",\"itemListElement\":[{\"@type\":\"ListItem\",\"position\":1,\"name\":\"Startseite\",\"item\":\"https:\/\/hausundwohnen.de\/\"},{\"@type\":\"ListItem\",\"position\":2,\"name\":\"Impressum\"}]},{\"@type\":\"WebSite\",\"@id\":\"https:\/\/hausundwohnen.de\/#website\",\"url\":\"https:\/\/hausundwohnen.de\/\",\"name\":\"Ihr Partner f\u00fcr Ihre Finanzen und Baufinanzierungen\",\"description\":\"Ihre Finanzplanung\",\"publisher\":{\"@id\":\"https:\/\/hausundwohnen.de\/#organization\"},\"potentialAction\":[{\"@type\":\"SearchAction\",\"target\":{\"@type\":\"EntryPoint\",\"urlTemplate\":\"https:\/\/hausundwohnen.de\/?s={search_term_string}\"},\"query-input\":{\"@type\":\"PropertyValueSpecification\",\"valueRequired\":true,\"valueName\":\"search_term_string\"}}],\"inLanguage\":\"de\"},{\"@type\":\"Organization\",\"@id\":\"https:\/\/hausundwohnen.de\/#organization\",\"name\":\"Haus & Wohnen GmbH\",\"url\":\"https:\/\/hausundwohnen.de\/\",\"logo\":{\"@type\":\"ImageObject\",\"inLanguage\":\"de\",\"@id\":\"https:\/\/hausundwohnen.de\/#\/schema\/logo\/image\/\",\"url\":\"https:\/\/hausundwohnen.de\/wp-content\/uploads\/2021\/02\/HW-Logo-mittel-rgb.jpg\",\"contentUrl\":\"https:\/\/hausundwohnen.de\/wp-content\/uploads\/2021\/02\/HW-Logo-mittel-rgb.jpg\",\"width\":500,\"height\":336,\"caption\":\"Haus & Wohnen GmbH\"},\"image\":{\"@id\":\"https:\/\/hausundwohnen.de\/#\/schema\/logo\/image\/\"}}]}<\/script>\n<!-- \/ Yoast SEO plugin. -->","yoast_head_json":{"title":"Impressum - Ihr Partner f\u00fcr Ihre Finanzen und Baufinanzierungen","description":"Der Weg zum Eigenheim f\u00fchrt \u00fcber die Baufinanzierung. Wir, die Firma Haus&Wohnen bieten Ihnen eine individuelle, ma\u00dfgenaue und vor allen Dingen komplette Baufinanzierung.","robots":{"index":"index","follow":"follow","max-snippet":"max-snippet:-1","max-image-preview":"max-image-preview:large","max-video-preview":"max-video-preview:-1"},"canonical":"https:\/\/hausundwohnen.de\/?page_id=123","og_locale":"de_DE","og_type":"article","og_title":"Impressum - Ihr Partner f\u00fcr Ihre Finanzen und Baufinanzierungen","og_description":"Der Weg zum Eigenheim f\u00fchrt \u00fcber die Baufinanzierung. Wir, die Firma Haus&Wohnen bieten Ihnen eine individuelle, ma\u00dfgenaue und vor allen Dingen komplette Baufinanzierung.","og_url":"https:\/\/hausundwohnen.de\/?page_id=123","og_site_name":"Ihr Partner f\u00fcr Ihre Finanzen und Baufinanzierungen","article_modified_time":"2023-07-26T10:11:56+00:00","og_image":[{"url":"http:\/\/hausundwohnen.de\/Word\/wordpress\/wp-content\/uploads\/2017\/07\/Logo.jpg","type":"","width":"","height":""}],"twitter_card":"summary_large_image","twitter_misc":{"Gesch\u00e4tzte Lesezeit":"1\u00a0Minute"},"schema":{"@context":"https:\/\/schema.org","@graph":[{"@type":"WebPage","@id":"https:\/\/hausundwohnen.de\/?page_id=123","url":"https:\/\/hausundwohnen.de\/?page_id=123","name":"Impressum - Ihr Partner f\u00fcr Ihre Finanzen und Baufinanzierungen","isPartOf":{"@id":"https:\/\/hausundwohnen.de\/#website"},"primaryImageOfPage":{"@id":"https:\/\/hausundwohnen.de\/?page_id=123#primaryimage"},"image":{"@id":"https:\/\/hausundwohnen.de\/?page_id=123#primaryimage"},"thumbnailUrl":"http:\/\/hausundwohnen.de\/Word\/wordpress\/wp-content\/uploads\/2017\/07\/Logo.jpg","datePublished":"2017-07-10T13:43:47+00:00","dateModified":"2023-07-26T10:11:56+00:00","description":"Der Weg zum Eigenheim f\u00fchrt \u00fcber die Baufinanzierung. Wir, die Firma Haus&Wohnen bieten Ihnen eine individuelle, ma\u00dfgenaue und vor allen Dingen komplette Baufinanzierung.","breadcrumb":{"@id":"https:\/\/hausundwohnen.de\/?page_id=123#breadcrumb"},"inLanguage":"de","potentialAction":[{"@type":"ReadAction","target":["https:\/\/hausundwohnen.de\/?page_id=123"]}]},{"@type":"ImageObject","inLanguage":"de","@id":"https:\/\/hausundwohnen.de\/?page_id=123#primaryimage","url":"http:\/\/hausundwohnen.de\/Word\/wordpress\/wp-content\/uploads\/2017\/07\/Logo.jpg","contentUrl":"http:\/\/hausundwohnen.de\/Word\/wordpress\/wp-content\/uploads\/2017\/07\/Logo.jpg"},{"@type":"BreadcrumbList","@id":"https:\/\/hausundwohnen.de\/?page_id=123#breadcrumb","itemListElement":[{"@type":"ListItem","position":1,"name":"Startseite","item":"https:\/\/hausundwohnen.de\/"},{"@type":"ListItem","position":2,"name":"Impressum"}]},{"@type":"WebSite","@id":"https:\/\/hausundwohnen.de\/#website","url":"https:\/\/hausundwohnen.de\/","name":"Ihr Partner f\u00fcr Ihre Finanzen und Baufinanzierungen","description":"Ihre Finanzplanung","publisher":{"@id":"https:\/\/hausundwohnen.de\/#organization"},"potentialAction":[{"@type":"SearchAction","target":{"@type":"EntryPoint","urlTemplate":"https:\/\/hausundwohnen.de\/?s={search_term_string}"},"query-input":{"@type":"PropertyValueSpecification","valueRequired":true,"valueName":"search_term_string"}}],"inLanguage":"de"},{"@type":"Organization","@id":"https:\/\/hausundwohnen.de\/#organization","name":"Haus & Wohnen GmbH","url":"https:\/\/hausundwohnen.de\/","logo":{"@type":"ImageObject","inLanguage":"de","@id":"https:\/\/hausundwohnen.de\/#\/schema\/logo\/image\/","url":"https:\/\/hausundwohnen.de\/wp-content\/uploads\/2021\/02\/HW-Logo-mittel-rgb.jpg","contentUrl":"https:\/\/hausundwohnen.de\/wp-content\/uploads\/2021\/02\/HW-Logo-mittel-rgb.jpg","width":500,"height":336,"caption":"Haus & Wohnen GmbH"},"image":{"@id":"https:\/\/hausundwohnen.de\/#\/schema\/logo\/image\/"}}]}},"_links":{"self":[{"href":"https:\/\/hausundwohnen.de\/index.php?rest_route=\/wp\/v2\/pages\/123","targetHints":{"allow":["GET"]}}],"collection":[{"href":"https:\/\/hausundwohnen.de\/index.php?rest_route=\/wp\/v2\/pages"}],"about":[{"href":"https:\/\/hausundwohnen.de\/index.php?rest_route=\/wp\/v2\/types\/page"}],"author":[{"embeddable":true,"href":"https:\/\/hausundwohnen.de\/index.php?rest_route=\/wp\/v2\/users\/1"}],"replies":[{"embeddable":true,"href":"https:\/\/hausundwohnen.de\/index.php?rest_route=%2Fwp%2Fv2%2Fcomments&post=123"}],"version-history":[{"count":6,"href":"https:\/\/hausundwohnen.de\/index.php?rest_route=\/wp\/v2\/pages\/123\/revisions"}],"predecessor-version":[{"id":433,"href":"https:\/\/hausundwohnen.de\/index.php?rest_route=\/wp\/v2\/pages\/123\/revisions\/433"}],"wp:attachment":[{"href":"https:\/\/hausundwohnen.de\/index.php?rest_route=%2Fwp%2Fv2%2Fmedia&parent=123"}],"curies":[{"name":"wp","href":"https:\/\/api.w.org\/{rel}","templated":true}]}}