{"id":163,"date":"2017-07-12T09:46:52","date_gmt":"2017-07-12T07:46:52","guid":{"rendered":"http:\/\/hausundwohnen.de\/Word\/wordpress\/?page_id=163"},"modified":"2021-02-19T09:10:48","modified_gmt":"2021-02-19T08:10:48","slug":"wir-ueber-uns","status":"publish","type":"page","link":"https:\/\/hausundwohnen.de\/?page_id=163","title":{"rendered":"Wir \u00fcber uns"},"content":{"rendered":"<p><img loading=\"lazy\" decoding=\"async\" class=\"alignright size-medium wp-image-199\" src=\"http:\/\/hausundwohnen.de\/Word\/wordpress\/wp-content\/uploads\/2017\/07\/fotolia_55716179-300x200.jpg\" alt=\"\" width=\"300\" height=\"200\" srcset=\"https:\/\/hausundwohnen.de\/wp-content\/uploads\/2017\/07\/fotolia_55716179-300x200.jpg 300w, https:\/\/hausundwohnen.de\/wp-content\/uploads\/2017\/07\/fotolia_55716179-1024x683.jpg 1024w, https:\/\/hausundwohnen.de\/wp-content\/uploads\/2017\/07\/fotolia_55716179-768x512.jpg 768w, https:\/\/hausundwohnen.de\/wp-content\/uploads\/2017\/07\/fotolia_55716179-1536x1024.jpg 1536w, https:\/\/hausundwohnen.de\/wp-content\/uploads\/2017\/07\/fotolia_55716179-2048x1365.jpg 2048w\" sizes=\"auto, (max-width: 300px) 100vw, 300px\" \/>Die Haus &amp; Wohnen GmbH bietet seit \u00fcber 40 Jahren pers\u00f6nliche kompetente Beratung, Dienstleistungen f\u00fcr Investoren, Kapitalanleger und Privatkunden. Als bankenunabh\u00e4ngiger Finanzdienstleister vermitteln wir Kredite von Banken, Bausparkassen und Versicherungen.<\/p>\n<p>Unsere kostenlose Erstberatung beinhaltet:<\/p>\n<ul>\n<li>kostenlose Erstberatung (auch beim Bauherren zu Hause)<\/li>\n<li>Beratung und Beantragung von staatlichen F\u00f6rdermitteln \/ Landesmitteln<\/li>\n<li>komplette Finanzierungsbeantragung und Betreuung auf Wunsch<\/li>\n<li>Umfinanzierungen und Forwarddarlehen<\/li>\n<li>Prolongationen und g\u00fcnstige Weiterfinanzierungen<\/li>\n<li>umfangreiche Vergleichsrechnungen<\/li>\n<li>Vorw\u00e4rts- und R\u00fcckw\u00e4rtsrechnungen<\/li>\n<\/ul>\n","protected":false},"excerpt":{"rendered":"<p>Die Haus &amp; Wohnen GmbH bietet seit \u00fcber 40 Jahren pers\u00f6nliche kompetente Beratung, Dienstleistungen f\u00fcr Investoren, Kapitalanleger und Privatkunden. Als bankenunabh\u00e4ngiger Finanzdienstleister vermitteln wir Kredite von Banken, Bausparkassen und Versicherungen. Unsere kostenlose Erstberatung beinhaltet: kostenlose Erstberatung (auch beim Bauherren zu Hause) Beratung und Beantragung von staatlichen F\u00f6rdermitteln \/ Landesmitteln komplette &hellip;<\/p>\n","protected":false},"author":1,"featured_media":0,"parent":0,"menu_order":0,"comment_status":"closed","ping_status":"closed","template":"","meta":{"footnotes":""},"class_list":["post-163","page","type-page","status-publish","hentry"],"yoast_head":"<!-- This site is optimized with the Yoast SEO plugin v26.6 - https:\/\/yoast.com\/wordpress\/plugins\/seo\/ -->\n<title>Wir \u00fcber uns - Ihr Partner f\u00fcr Ihre Finanzen und Baufinanzierungen<\/title>\n<meta name=\"description\" content=\"Der Weg zum Eigenheim f\u00fchrt \u00fcber die Baufinanzierung. Wir, die Firma Haus&amp;Wohnen bieten Ihnen eine individuelle, ma\u00dfgenaue und vor allen Dingen komplette Baufinanzierung.\" \/>\n<meta name=\"robots\" content=\"index, follow, max-snippet:-1, max-image-preview:large, max-video-preview:-1\" \/>\n<link rel=\"canonical\" href=\"https:\/\/hausundwohnen.de\/?page_id=163\" \/>\n<meta property=\"og:locale\" content=\"de_DE\" \/>\n<meta property=\"og:type\" content=\"article\" \/>\n<meta property=\"og:title\" content=\"Wir \u00fcber uns - Ihr Partner f\u00fcr Ihre Finanzen und Baufinanzierungen\" \/>\n<meta property=\"og:description\" content=\"Der Weg zum Eigenheim f\u00fchrt \u00fcber die Baufinanzierung. Wir, die Firma Haus&amp;Wohnen bieten Ihnen eine individuelle, ma\u00dfgenaue und vor allen Dingen komplette Baufinanzierung.\" \/>\n<meta property=\"og:url\" content=\"https:\/\/hausundwohnen.de\/?page_id=163\" \/>\n<meta property=\"og:site_name\" content=\"Ihr Partner f\u00fcr Ihre Finanzen und Baufinanzierungen\" \/>\n<meta property=\"article:modified_time\" content=\"2021-02-19T08:10:48+00:00\" \/>\n<meta property=\"og:image\" content=\"http:\/\/hausundwohnen.de\/Word\/wordpress\/wp-content\/uploads\/2017\/07\/fotolia_55716179-300x200.jpg\" \/>\n<meta name=\"twitter:card\" content=\"summary_large_image\" \/>\n<script type=\"application\/ld+json\" class=\"yoast-schema-graph\">{\"@context\":\"https:\/\/schema.org\",\"@graph\":[{\"@type\":\"WebPage\",\"@id\":\"https:\/\/hausundwohnen.de\/?page_id=163\",\"url\":\"https:\/\/hausundwohnen.de\/?page_id=163\",\"name\":\"Wir \u00fcber uns - Ihr Partner f\u00fcr Ihre Finanzen und Baufinanzierungen\",\"isPartOf\":{\"@id\":\"https:\/\/hausundwohnen.de\/#website\"},\"primaryImageOfPage\":{\"@id\":\"https:\/\/hausundwohnen.de\/?page_id=163#primaryimage\"},\"image\":{\"@id\":\"https:\/\/hausundwohnen.de\/?page_id=163#primaryimage\"},\"thumbnailUrl\":\"http:\/\/hausundwohnen.de\/Word\/wordpress\/wp-content\/uploads\/2017\/07\/fotolia_55716179-300x200.jpg\",\"datePublished\":\"2017-07-12T07:46:52+00:00\",\"dateModified\":\"2021-02-19T08:10:48+00:00\",\"description\":\"Der Weg zum Eigenheim f\u00fchrt \u00fcber die Baufinanzierung. Wir, die Firma Haus&Wohnen bieten Ihnen eine individuelle, ma\u00dfgenaue und vor allen Dingen komplette Baufinanzierung.\",\"breadcrumb\":{\"@id\":\"https:\/\/hausundwohnen.de\/?page_id=163#breadcrumb\"},\"inLanguage\":\"de\",\"potentialAction\":[{\"@type\":\"ReadAction\",\"target\":[\"https:\/\/hausundwohnen.de\/?page_id=163\"]}]},{\"@type\":\"ImageObject\",\"inLanguage\":\"de\",\"@id\":\"https:\/\/hausundwohnen.de\/?page_id=163#primaryimage\",\"url\":\"http:\/\/hausundwohnen.de\/Word\/wordpress\/wp-content\/uploads\/2017\/07\/fotolia_55716179-300x200.jpg\",\"contentUrl\":\"http:\/\/hausundwohnen.de\/Word\/wordpress\/wp-content\/uploads\/2017\/07\/fotolia_55716179-300x200.jpg\"},{\"@type\":\"BreadcrumbList\",\"@id\":\"https:\/\/hausundwohnen.de\/?page_id=163#breadcrumb\",\"itemListElement\":[{\"@type\":\"ListItem\",\"position\":1,\"name\":\"Startseite\",\"item\":\"https:\/\/hausundwohnen.de\/\"},{\"@type\":\"ListItem\",\"position\":2,\"name\":\"Wir \u00fcber uns\"}]},{\"@type\":\"WebSite\",\"@id\":\"https:\/\/hausundwohnen.de\/#website\",\"url\":\"https:\/\/hausundwohnen.de\/\",\"name\":\"Ihr Partner f\u00fcr Ihre Finanzen und Baufinanzierungen\",\"description\":\"Ihre Finanzplanung\",\"publisher\":{\"@id\":\"https:\/\/hausundwohnen.de\/#organization\"},\"potentialAction\":[{\"@type\":\"SearchAction\",\"target\":{\"@type\":\"EntryPoint\",\"urlTemplate\":\"https:\/\/hausundwohnen.de\/?s={search_term_string}\"},\"query-input\":{\"@type\":\"PropertyValueSpecification\",\"valueRequired\":true,\"valueName\":\"search_term_string\"}}],\"inLanguage\":\"de\"},{\"@type\":\"Organization\",\"@id\":\"https:\/\/hausundwohnen.de\/#organization\",\"name\":\"Haus & Wohnen GmbH\",\"url\":\"https:\/\/hausundwohnen.de\/\",\"logo\":{\"@type\":\"ImageObject\",\"inLanguage\":\"de\",\"@id\":\"https:\/\/hausundwohnen.de\/#\/schema\/logo\/image\/\",\"url\":\"https:\/\/hausundwohnen.de\/wp-content\/uploads\/2021\/02\/HW-Logo-mittel-rgb.jpg\",\"contentUrl\":\"https:\/\/hausundwohnen.de\/wp-content\/uploads\/2021\/02\/HW-Logo-mittel-rgb.jpg\",\"width\":500,\"height\":336,\"caption\":\"Haus & Wohnen GmbH\"},\"image\":{\"@id\":\"https:\/\/hausundwohnen.de\/#\/schema\/logo\/image\/\"}}]}<\/script>\n<!-- \/ Yoast SEO plugin. -->","yoast_head_json":{"title":"Wir \u00fcber uns - Ihr Partner f\u00fcr Ihre Finanzen und Baufinanzierungen","description":"Der Weg zum Eigenheim f\u00fchrt \u00fcber die Baufinanzierung. Wir, die Firma Haus&Wohnen bieten Ihnen eine individuelle, ma\u00dfgenaue und vor allen Dingen komplette Baufinanzierung.","robots":{"index":"index","follow":"follow","max-snippet":"max-snippet:-1","max-image-preview":"max-image-preview:large","max-video-preview":"max-video-preview:-1"},"canonical":"https:\/\/hausundwohnen.de\/?page_id=163","og_locale":"de_DE","og_type":"article","og_title":"Wir \u00fcber uns - Ihr Partner f\u00fcr Ihre Finanzen und Baufinanzierungen","og_description":"Der Weg zum Eigenheim f\u00fchrt \u00fcber die Baufinanzierung. Wir, die Firma Haus&Wohnen bieten Ihnen eine individuelle, ma\u00dfgenaue und vor allen Dingen komplette Baufinanzierung.","og_url":"https:\/\/hausundwohnen.de\/?page_id=163","og_site_name":"Ihr Partner f\u00fcr Ihre Finanzen und Baufinanzierungen","article_modified_time":"2021-02-19T08:10:48+00:00","og_image":[{"url":"http:\/\/hausundwohnen.de\/Word\/wordpress\/wp-content\/uploads\/2017\/07\/fotolia_55716179-300x200.jpg","type":"","width":"","height":""}],"twitter_card":"summary_large_image","schema":{"@context":"https:\/\/schema.org","@graph":[{"@type":"WebPage","@id":"https:\/\/hausundwohnen.de\/?page_id=163","url":"https:\/\/hausundwohnen.de\/?page_id=163","name":"Wir \u00fcber uns - Ihr Partner f\u00fcr Ihre Finanzen und Baufinanzierungen","isPartOf":{"@id":"https:\/\/hausundwohnen.de\/#website"},"primaryImageOfPage":{"@id":"https:\/\/hausundwohnen.de\/?page_id=163#primaryimage"},"image":{"@id":"https:\/\/hausundwohnen.de\/?page_id=163#primaryimage"},"thumbnailUrl":"http:\/\/hausundwohnen.de\/Word\/wordpress\/wp-content\/uploads\/2017\/07\/fotolia_55716179-300x200.jpg","datePublished":"2017-07-12T07:46:52+00:00","dateModified":"2021-02-19T08:10:48+00:00","description":"Der Weg zum Eigenheim f\u00fchrt \u00fcber die Baufinanzierung. Wir, die Firma Haus&Wohnen bieten Ihnen eine individuelle, ma\u00dfgenaue und vor allen Dingen komplette Baufinanzierung.","breadcrumb":{"@id":"https:\/\/hausundwohnen.de\/?page_id=163#breadcrumb"},"inLanguage":"de","potentialAction":[{"@type":"ReadAction","target":["https:\/\/hausundwohnen.de\/?page_id=163"]}]},{"@type":"ImageObject","inLanguage":"de","@id":"https:\/\/hausundwohnen.de\/?page_id=163#primaryimage","url":"http:\/\/hausundwohnen.de\/Word\/wordpress\/wp-content\/uploads\/2017\/07\/fotolia_55716179-300x200.jpg","contentUrl":"http:\/\/hausundwohnen.de\/Word\/wordpress\/wp-content\/uploads\/2017\/07\/fotolia_55716179-300x200.jpg"},{"@type":"BreadcrumbList","@id":"https:\/\/hausundwohnen.de\/?page_id=163#breadcrumb","itemListElement":[{"@type":"ListItem","position":1,"name":"Startseite","item":"https:\/\/hausundwohnen.de\/"},{"@type":"ListItem","position":2,"name":"Wir \u00fcber uns"}]},{"@type":"WebSite","@id":"https:\/\/hausundwohnen.de\/#website","url":"https:\/\/hausundwohnen.de\/","name":"Ihr Partner f\u00fcr Ihre Finanzen und Baufinanzierungen","description":"Ihre Finanzplanung","publisher":{"@id":"https:\/\/hausundwohnen.de\/#organization"},"potentialAction":[{"@type":"SearchAction","target":{"@type":"EntryPoint","urlTemplate":"https:\/\/hausundwohnen.de\/?s={search_term_string}"},"query-input":{"@type":"PropertyValueSpecification","valueRequired":true,"valueName":"search_term_string"}}],"inLanguage":"de"},{"@type":"Organization","@id":"https:\/\/hausundwohnen.de\/#organization","name":"Haus & Wohnen GmbH","url":"https:\/\/hausundwohnen.de\/","logo":{"@type":"ImageObject","inLanguage":"de","@id":"https:\/\/hausundwohnen.de\/#\/schema\/logo\/image\/","url":"https:\/\/hausundwohnen.de\/wp-content\/uploads\/2021\/02\/HW-Logo-mittel-rgb.jpg","contentUrl":"https:\/\/hausundwohnen.de\/wp-content\/uploads\/2021\/02\/HW-Logo-mittel-rgb.jpg","width":500,"height":336,"caption":"Haus & Wohnen GmbH"},"image":{"@id":"https:\/\/hausundwohnen.de\/#\/schema\/logo\/image\/"}}]}},"_links":{"self":[{"href":"https:\/\/hausundwohnen.de\/index.php?rest_route=\/wp\/v2\/pages\/163","targetHints":{"allow":["GET"]}}],"collection":[{"href":"https:\/\/hausundwohnen.de\/index.php?rest_route=\/wp\/v2\/pages"}],"about":[{"href":"https:\/\/hausundwohnen.de\/index.php?rest_route=\/wp\/v2\/types\/page"}],"author":[{"embeddable":true,"href":"https:\/\/hausundwohnen.de\/index.php?rest_route=\/wp\/v2\/users\/1"}],"replies":[{"embeddable":true,"href":"https:\/\/hausundwohnen.de\/index.php?rest_route=%2Fwp%2Fv2%2Fcomments&post=163"}],"version-history":[{"count":7,"href":"https:\/\/hausundwohnen.de\/index.php?rest_route=\/wp\/v2\/pages\/163\/revisions"}],"predecessor-version":[{"id":358,"href":"https:\/\/hausundwohnen.de\/index.php?rest_route=\/wp\/v2\/pages\/163\/revisions\/358"}],"wp:attachment":[{"href":"https:\/\/hausundwohnen.de\/index.php?rest_route=%2Fwp%2Fv2%2Fmedia&parent=163"}],"curies":[{"name":"wp","href":"https:\/\/api.w.org\/{rel}","templated":true}]}}