{"id":165,"date":"2017-07-12T09:48:40","date_gmt":"2017-07-12T07:48:40","guid":{"rendered":"http:\/\/hausundwohnen.de\/Word\/wordpress\/?page_id=165"},"modified":"2021-02-19T09:26:41","modified_gmt":"2021-02-19T08:26:41","slug":"hausbau","status":"publish","type":"page","link":"https:\/\/hausundwohnen.de\/?page_id=165","title":{"rendered":"Hausbau"},"content":{"rendered":"<p><img loading=\"lazy\" decoding=\"async\" class=\"alignleft size-large wp-image-203\" src=\"http:\/\/hausundwohnen.de\/Word\/wordpress\/wp-content\/uploads\/2017\/07\/Maintal_2734-1024x807.jpg\" alt=\"\" width=\"400\" height=\"315\" srcset=\"https:\/\/hausundwohnen.de\/wp-content\/uploads\/2017\/07\/Maintal_2734-1024x807.jpg 1024w, https:\/\/hausundwohnen.de\/wp-content\/uploads\/2017\/07\/Maintal_2734-300x236.jpg 300w, https:\/\/hausundwohnen.de\/wp-content\/uploads\/2017\/07\/Maintal_2734-768x605.jpg 768w, https:\/\/hausundwohnen.de\/wp-content\/uploads\/2017\/07\/Maintal_2734-254x200.jpg 254w\" sizes=\"auto, (max-width: 400px) 100vw, 400px\" \/>\u201cTradition und Innovation\u201d ist der Leitsatz, der unsere Kunden zufriedenstellt. Durch eine praktische und maximale Kundenorientierung gewinnen wir zufriedene Bauherren. Wir stehen Ihnen mit Rat und Tat zur Seite und garantieren somit eine optimale Betreuung bis zur Fertigstellung Ihres Hauses. Unsere Produktpalette l\u00e4sst keine W\u00fcnsche offen, denn bei uns bekommen Sie Ihr ma\u00dfgeschneidertes Haus, ob Holzst\u00e4nderbauweise, Holzhaus oder Stein auf Stein. Bei uns haben Sie die M\u00f6glichkeit sowohl ein Typenhaus auszuw\u00e4hlen, als auch Ihr Traumhaus mit uns frei zu planen. Dabei stehen Ihnen nicht nur Einfamilienh\u00e4user und Bungalows zur Auswahl, sondern Sie k\u00f6nnen mit uns auch Doppelh\u00e4user und Reihenh\u00e4user bauen. Und ein weiterer Vorteil f\u00fcr Sie: Bei uns k\u00f6nnen Sie beim Kauf eines Neubaus Ihre alte Immobilie in Zahlung geben.<\/p>\n<p>Wir bieten Ihnen Unterst\u00fctzung bei:<\/p>\n<ul>\n<li>Grundst\u00fcckssuche<\/li>\n<li>Finanzierung<\/li>\n<li>Planung.<\/li>\n<\/ul>\n<p>Sie sollen sich wohlf\u00fchlen und Ihr Leben genie\u00dfen k\u00f6nnen. Vom besonders g\u00fcnstigen Einfamilienhaus bis zum exklusiven Komforthaus &#8211; auf unsere Qualit\u00e4t und Zuverl\u00e4ssigkeit k\u00f6nnen Sie mit Sicherheit bauen!<\/p>\n<p><img loading=\"lazy\" decoding=\"async\" class=\"alignleft wp-image-189 \" src=\"http:\/\/hausundwohnen.de\/Word\/wordpress\/wp-content\/uploads\/2017\/07\/DIG-Immobilien-Logo-Immonet.jpg\" alt=\"\" width=\"200\" height=\"200\" srcset=\"https:\/\/hausundwohnen.de\/wp-content\/uploads\/2017\/07\/DIG-Immobilien-Logo-Immonet.jpg 366w, https:\/\/hausundwohnen.de\/wp-content\/uploads\/2017\/07\/DIG-Immobilien-Logo-Immonet-150x150.jpg 150w, https:\/\/hausundwohnen.de\/wp-content\/uploads\/2017\/07\/DIG-Immobilien-Logo-Immonet-300x300.jpg 300w, https:\/\/hausundwohnen.de\/wp-content\/uploads\/2017\/07\/DIG-Immobilien-Logo-Immonet-200x200.jpg 200w\" sizes=\"auto, (max-width: 200px) 100vw, 200px\" \/>DIG Immobilien-Vertriebs GmbH<br \/>\nSch\u00f6ne Aussicht 12<br \/>\n57520 Emmerzhausen<br \/>\nTel.: 0 27 43 \/ 92 00 &#8211; 31<br \/>\nFax: 0 27 43 \/ 92 00 &#8211; 29<br \/>\nE-Mail : Info@DIG-Immobilien.de<br \/>\nhttp:\/\/www.DIG-Immobilien.de<\/p>\n","protected":false},"excerpt":{"rendered":"<p>\u201cTradition und Innovation\u201d ist der Leitsatz, der unsere Kunden zufriedenstellt. Durch eine praktische und maximale Kundenorientierung gewinnen wir zufriedene Bauherren. Wir stehen Ihnen mit Rat und Tat zur Seite und garantieren somit eine optimale Betreuung bis zur Fertigstellung Ihres Hauses. Unsere Produktpalette l\u00e4sst keine W\u00fcnsche offen, denn bei uns bekommen &hellip;<\/p>\n","protected":false},"author":1,"featured_media":0,"parent":0,"menu_order":0,"comment_status":"closed","ping_status":"closed","template":"","meta":{"footnotes":""},"class_list":["post-165","page","type-page","status-publish","hentry"],"yoast_head":"<!-- This site is optimized with the Yoast SEO plugin v26.6 - https:\/\/yoast.com\/wordpress\/plugins\/seo\/ -->\n<title>Hausbau - Ihr Partner f\u00fcr Ihre Finanzen und Baufinanzierungen<\/title>\n<meta name=\"description\" content=\"Der Weg zum Eigenheim f\u00fchrt \u00fcber die Baufinanzierung. Wir, die Firma Haus&amp;Wohnen bieten Ihnen eine individuelle, ma\u00dfgenaue und vor allen Dingen komplette Baufinanzierung.\" \/>\n<meta name=\"robots\" content=\"index, follow, max-snippet:-1, max-image-preview:large, max-video-preview:-1\" \/>\n<link rel=\"canonical\" href=\"https:\/\/hausundwohnen.de\/?page_id=165\" \/>\n<meta property=\"og:locale\" content=\"de_DE\" \/>\n<meta property=\"og:type\" content=\"article\" \/>\n<meta property=\"og:title\" content=\"Hausbau - Ihr Partner f\u00fcr Ihre Finanzen und Baufinanzierungen\" \/>\n<meta property=\"og:description\" content=\"Der Weg zum Eigenheim f\u00fchrt \u00fcber die Baufinanzierung. Wir, die Firma Haus&amp;Wohnen bieten Ihnen eine individuelle, ma\u00dfgenaue und vor allen Dingen komplette Baufinanzierung.\" \/>\n<meta property=\"og:url\" content=\"https:\/\/hausundwohnen.de\/?page_id=165\" \/>\n<meta property=\"og:site_name\" content=\"Ihr Partner f\u00fcr Ihre Finanzen und Baufinanzierungen\" \/>\n<meta property=\"article:modified_time\" content=\"2021-02-19T08:26:41+00:00\" \/>\n<meta property=\"og:image\" content=\"http:\/\/hausundwohnen.de\/Word\/wordpress\/wp-content\/uploads\/2017\/07\/Maintal_2734-1024x807.jpg\" \/>\n<meta name=\"twitter:card\" content=\"summary_large_image\" \/>\n<meta name=\"twitter:label1\" content=\"Gesch\u00e4tzte Lesezeit\" \/>\n\t<meta name=\"twitter:data1\" content=\"1\u00a0Minute\" \/>\n<script type=\"application\/ld+json\" class=\"yoast-schema-graph\">{\"@context\":\"https:\/\/schema.org\",\"@graph\":[{\"@type\":\"WebPage\",\"@id\":\"https:\/\/hausundwohnen.de\/?page_id=165\",\"url\":\"https:\/\/hausundwohnen.de\/?page_id=165\",\"name\":\"Hausbau - Ihr Partner f\u00fcr Ihre Finanzen und Baufinanzierungen\",\"isPartOf\":{\"@id\":\"https:\/\/hausundwohnen.de\/#website\"},\"primaryImageOfPage\":{\"@id\":\"https:\/\/hausundwohnen.de\/?page_id=165#primaryimage\"},\"image\":{\"@id\":\"https:\/\/hausundwohnen.de\/?page_id=165#primaryimage\"},\"thumbnailUrl\":\"http:\/\/hausundwohnen.de\/Word\/wordpress\/wp-content\/uploads\/2017\/07\/Maintal_2734-1024x807.jpg\",\"datePublished\":\"2017-07-12T07:48:40+00:00\",\"dateModified\":\"2021-02-19T08:26:41+00:00\",\"description\":\"Der Weg zum Eigenheim f\u00fchrt \u00fcber die Baufinanzierung. Wir, die Firma Haus&Wohnen bieten Ihnen eine individuelle, ma\u00dfgenaue und vor allen Dingen komplette Baufinanzierung.\",\"breadcrumb\":{\"@id\":\"https:\/\/hausundwohnen.de\/?page_id=165#breadcrumb\"},\"inLanguage\":\"de\",\"potentialAction\":[{\"@type\":\"ReadAction\",\"target\":[\"https:\/\/hausundwohnen.de\/?page_id=165\"]}]},{\"@type\":\"ImageObject\",\"inLanguage\":\"de\",\"@id\":\"https:\/\/hausundwohnen.de\/?page_id=165#primaryimage\",\"url\":\"http:\/\/hausundwohnen.de\/Word\/wordpress\/wp-content\/uploads\/2017\/07\/Maintal_2734-1024x807.jpg\",\"contentUrl\":\"http:\/\/hausundwohnen.de\/Word\/wordpress\/wp-content\/uploads\/2017\/07\/Maintal_2734-1024x807.jpg\"},{\"@type\":\"BreadcrumbList\",\"@id\":\"https:\/\/hausundwohnen.de\/?page_id=165#breadcrumb\",\"itemListElement\":[{\"@type\":\"ListItem\",\"position\":1,\"name\":\"Startseite\",\"item\":\"https:\/\/hausundwohnen.de\/\"},{\"@type\":\"ListItem\",\"position\":2,\"name\":\"Hausbau\"}]},{\"@type\":\"WebSite\",\"@id\":\"https:\/\/hausundwohnen.de\/#website\",\"url\":\"https:\/\/hausundwohnen.de\/\",\"name\":\"Ihr Partner f\u00fcr Ihre Finanzen und Baufinanzierungen\",\"description\":\"Ihre Finanzplanung\",\"publisher\":{\"@id\":\"https:\/\/hausundwohnen.de\/#organization\"},\"potentialAction\":[{\"@type\":\"SearchAction\",\"target\":{\"@type\":\"EntryPoint\",\"urlTemplate\":\"https:\/\/hausundwohnen.de\/?s={search_term_string}\"},\"query-input\":{\"@type\":\"PropertyValueSpecification\",\"valueRequired\":true,\"valueName\":\"search_term_string\"}}],\"inLanguage\":\"de\"},{\"@type\":\"Organization\",\"@id\":\"https:\/\/hausundwohnen.de\/#organization\",\"name\":\"Haus & Wohnen GmbH\",\"url\":\"https:\/\/hausundwohnen.de\/\",\"logo\":{\"@type\":\"ImageObject\",\"inLanguage\":\"de\",\"@id\":\"https:\/\/hausundwohnen.de\/#\/schema\/logo\/image\/\",\"url\":\"https:\/\/hausundwohnen.de\/wp-content\/uploads\/2021\/02\/HW-Logo-mittel-rgb.jpg\",\"contentUrl\":\"https:\/\/hausundwohnen.de\/wp-content\/uploads\/2021\/02\/HW-Logo-mittel-rgb.jpg\",\"width\":500,\"height\":336,\"caption\":\"Haus & Wohnen GmbH\"},\"image\":{\"@id\":\"https:\/\/hausundwohnen.de\/#\/schema\/logo\/image\/\"}}]}<\/script>\n<!-- \/ Yoast SEO plugin. -->","yoast_head_json":{"title":"Hausbau - Ihr Partner f\u00fcr Ihre Finanzen und Baufinanzierungen","description":"Der Weg zum Eigenheim f\u00fchrt \u00fcber die Baufinanzierung. Wir, die Firma Haus&Wohnen bieten Ihnen eine individuelle, ma\u00dfgenaue und vor allen Dingen komplette Baufinanzierung.","robots":{"index":"index","follow":"follow","max-snippet":"max-snippet:-1","max-image-preview":"max-image-preview:large","max-video-preview":"max-video-preview:-1"},"canonical":"https:\/\/hausundwohnen.de\/?page_id=165","og_locale":"de_DE","og_type":"article","og_title":"Hausbau - Ihr Partner f\u00fcr Ihre Finanzen und Baufinanzierungen","og_description":"Der Weg zum Eigenheim f\u00fchrt \u00fcber die Baufinanzierung. Wir, die Firma Haus&Wohnen bieten Ihnen eine individuelle, ma\u00dfgenaue und vor allen Dingen komplette Baufinanzierung.","og_url":"https:\/\/hausundwohnen.de\/?page_id=165","og_site_name":"Ihr Partner f\u00fcr Ihre Finanzen und Baufinanzierungen","article_modified_time":"2021-02-19T08:26:41+00:00","og_image":[{"url":"http:\/\/hausundwohnen.de\/Word\/wordpress\/wp-content\/uploads\/2017\/07\/Maintal_2734-1024x807.jpg","type":"","width":"","height":""}],"twitter_card":"summary_large_image","twitter_misc":{"Gesch\u00e4tzte Lesezeit":"1\u00a0Minute"},"schema":{"@context":"https:\/\/schema.org","@graph":[{"@type":"WebPage","@id":"https:\/\/hausundwohnen.de\/?page_id=165","url":"https:\/\/hausundwohnen.de\/?page_id=165","name":"Hausbau - Ihr Partner f\u00fcr Ihre Finanzen und Baufinanzierungen","isPartOf":{"@id":"https:\/\/hausundwohnen.de\/#website"},"primaryImageOfPage":{"@id":"https:\/\/hausundwohnen.de\/?page_id=165#primaryimage"},"image":{"@id":"https:\/\/hausundwohnen.de\/?page_id=165#primaryimage"},"thumbnailUrl":"http:\/\/hausundwohnen.de\/Word\/wordpress\/wp-content\/uploads\/2017\/07\/Maintal_2734-1024x807.jpg","datePublished":"2017-07-12T07:48:40+00:00","dateModified":"2021-02-19T08:26:41+00:00","description":"Der Weg zum Eigenheim f\u00fchrt \u00fcber die Baufinanzierung. Wir, die Firma Haus&Wohnen bieten Ihnen eine individuelle, ma\u00dfgenaue und vor allen Dingen komplette Baufinanzierung.","breadcrumb":{"@id":"https:\/\/hausundwohnen.de\/?page_id=165#breadcrumb"},"inLanguage":"de","potentialAction":[{"@type":"ReadAction","target":["https:\/\/hausundwohnen.de\/?page_id=165"]}]},{"@type":"ImageObject","inLanguage":"de","@id":"https:\/\/hausundwohnen.de\/?page_id=165#primaryimage","url":"http:\/\/hausundwohnen.de\/Word\/wordpress\/wp-content\/uploads\/2017\/07\/Maintal_2734-1024x807.jpg","contentUrl":"http:\/\/hausundwohnen.de\/Word\/wordpress\/wp-content\/uploads\/2017\/07\/Maintal_2734-1024x807.jpg"},{"@type":"BreadcrumbList","@id":"https:\/\/hausundwohnen.de\/?page_id=165#breadcrumb","itemListElement":[{"@type":"ListItem","position":1,"name":"Startseite","item":"https:\/\/hausundwohnen.de\/"},{"@type":"ListItem","position":2,"name":"Hausbau"}]},{"@type":"WebSite","@id":"https:\/\/hausundwohnen.de\/#website","url":"https:\/\/hausundwohnen.de\/","name":"Ihr Partner f\u00fcr Ihre Finanzen und Baufinanzierungen","description":"Ihre Finanzplanung","publisher":{"@id":"https:\/\/hausundwohnen.de\/#organization"},"potentialAction":[{"@type":"SearchAction","target":{"@type":"EntryPoint","urlTemplate":"https:\/\/hausundwohnen.de\/?s={search_term_string}"},"query-input":{"@type":"PropertyValueSpecification","valueRequired":true,"valueName":"search_term_string"}}],"inLanguage":"de"},{"@type":"Organization","@id":"https:\/\/hausundwohnen.de\/#organization","name":"Haus & Wohnen GmbH","url":"https:\/\/hausundwohnen.de\/","logo":{"@type":"ImageObject","inLanguage":"de","@id":"https:\/\/hausundwohnen.de\/#\/schema\/logo\/image\/","url":"https:\/\/hausundwohnen.de\/wp-content\/uploads\/2021\/02\/HW-Logo-mittel-rgb.jpg","contentUrl":"https:\/\/hausundwohnen.de\/wp-content\/uploads\/2021\/02\/HW-Logo-mittel-rgb.jpg","width":500,"height":336,"caption":"Haus & Wohnen GmbH"},"image":{"@id":"https:\/\/hausundwohnen.de\/#\/schema\/logo\/image\/"}}]}},"_links":{"self":[{"href":"https:\/\/hausundwohnen.de\/index.php?rest_route=\/wp\/v2\/pages\/165","targetHints":{"allow":["GET"]}}],"collection":[{"href":"https:\/\/hausundwohnen.de\/index.php?rest_route=\/wp\/v2\/pages"}],"about":[{"href":"https:\/\/hausundwohnen.de\/index.php?rest_route=\/wp\/v2\/types\/page"}],"author":[{"embeddable":true,"href":"https:\/\/hausundwohnen.de\/index.php?rest_route=\/wp\/v2\/users\/1"}],"replies":[{"embeddable":true,"href":"https:\/\/hausundwohnen.de\/index.php?rest_route=%2Fwp%2Fv2%2Fcomments&post=165"}],"version-history":[{"count":9,"href":"https:\/\/hausundwohnen.de\/index.php?rest_route=\/wp\/v2\/pages\/165\/revisions"}],"predecessor-version":[{"id":363,"href":"https:\/\/hausundwohnen.de\/index.php?rest_route=\/wp\/v2\/pages\/165\/revisions\/363"}],"wp:attachment":[{"href":"https:\/\/hausundwohnen.de\/index.php?rest_route=%2Fwp%2Fv2%2Fmedia&parent=165"}],"curies":[{"name":"wp","href":"https:\/\/api.w.org\/{rel}","templated":true}]}}