{"id":34,"date":"2017-07-10T11:38:55","date_gmt":"2017-07-10T09:38:55","guid":{"rendered":"http:\/\/hausundwohnen.de\/Word\/wordpress\/?page_id=34"},"modified":"2021-02-25T15:28:45","modified_gmt":"2021-02-25T14:28:45","slug":"rente","status":"publish","type":"page","link":"https:\/\/hausundwohnen.de\/?page_id=34","title":{"rendered":"Rente"},"content":{"rendered":"<figure style=\"width: 500px\" class=\"wp-caption alignright\"><img loading=\"lazy\" decoding=\"async\" src=\"http:\/\/hausundwohnen.de\/Word\/wordpress\/wp-content\/uploads\/2017\/07\/fotolia_160803731.jpg\" alt=\"Sorgen Sie vor mit einer privaten Rente\" width=\"500\" height=\"334\" \/><figcaption class=\"wp-caption-text\">Sichern Sie sich schon heute Ihre Zukunft und sorgen Sie mit einer privaten Rente vor. Nutzen Sie dabei auch staatliche F\u00f6rderungen.<\/figcaption><\/figure>\n<p>In Zeiten, in denen die Menschen immer \u00e4lter werden, aber die staatlichen Renten immer weniger und unsicherer, ist es umso wichtiger, privat vorzusorgen. Zwei wichtige Bausteine zur Sicherung Ihrer Rente sind hierbei f\u00fcr Sie die Riester Rente und die R\u00fcrup Rente.<\/p>\n<p>Ihre Vorteile auf einen Blick:<\/p>\n<ul>\n<li>Staatliche F\u00f6rderung<\/li>\n<li>Variabel bei den Beitr\u00e4gen und dem Rentenbeginn<\/li>\n<li>Flexible Zuzahlungen m\u00f6glich<\/li>\n<li>Jedes Jahr ist eine Steuerersparnis m\u00f6glich (bei Abgabe einer Steuererkl\u00e4rung)<\/li>\n<li>Rente ohne Risiko<\/li>\n<li>Lebenslange Rente mit j\u00e4hrlicher Steigerung<\/li>\n<li>Bis zu 25.000 \u20ac vom Staat sichern<\/li>\n<li>Als Rentner mit Eigentum keine Miete mehr zahlen<\/li>\n<\/ul>\n<p>Lassen Sie jetzt den Staat f\u00fcr Sie mitsparen und profitieren Sie von unserer umfassenden Beratung!<\/p>\n","protected":false},"excerpt":{"rendered":"<p>In Zeiten, in denen die Menschen immer \u00e4lter werden, aber die staatlichen Renten immer weniger und unsicherer, ist es umso wichtiger, privat vorzusorgen. Zwei wichtige Bausteine zur Sicherung Ihrer Rente sind hierbei f\u00fcr Sie die Riester Rente und die R\u00fcrup Rente. Ihre Vorteile auf einen Blick: Staatliche F\u00f6rderung Variabel bei &hellip;<\/p>\n","protected":false},"author":1,"featured_media":0,"parent":0,"menu_order":0,"comment_status":"closed","ping_status":"closed","template":"","meta":{"footnotes":""},"class_list":["post-34","page","type-page","status-publish","hentry"],"yoast_head":"<!-- This site is optimized with the Yoast SEO plugin v26.6 - https:\/\/yoast.com\/wordpress\/plugins\/seo\/ -->\n<title>Rente - Ihr Partner f\u00fcr Ihre Finanzen und Baufinanzierungen<\/title>\n<meta name=\"description\" content=\"Der Weg zum Eigenheim f\u00fchrt \u00fcber die Baufinanzierung. Wir, die Firma Haus&amp;Wohnen bieten Ihnen eine individuelle, ma\u00dfgenaue und vor allen Dingen komplette Baufinanzierung.\" \/>\n<meta name=\"robots\" content=\"index, follow, max-snippet:-1, max-image-preview:large, max-video-preview:-1\" \/>\n<link rel=\"canonical\" href=\"https:\/\/hausundwohnen.de\/?page_id=34\" \/>\n<meta property=\"og:locale\" content=\"de_DE\" \/>\n<meta property=\"og:type\" content=\"article\" \/>\n<meta property=\"og:title\" content=\"Rente - Ihr Partner f\u00fcr Ihre Finanzen und Baufinanzierungen\" \/>\n<meta property=\"og:description\" content=\"Der Weg zum Eigenheim f\u00fchrt \u00fcber die Baufinanzierung. Wir, die Firma Haus&amp;Wohnen bieten Ihnen eine individuelle, ma\u00dfgenaue und vor allen Dingen komplette Baufinanzierung.\" \/>\n<meta property=\"og:url\" content=\"https:\/\/hausundwohnen.de\/?page_id=34\" \/>\n<meta property=\"og:site_name\" content=\"Ihr Partner f\u00fcr Ihre Finanzen und Baufinanzierungen\" \/>\n<meta property=\"article:modified_time\" content=\"2021-02-25T14:28:45+00:00\" \/>\n<meta property=\"og:image\" content=\"http:\/\/hausundwohnen.de\/Word\/wordpress\/wp-content\/uploads\/2017\/07\/fotolia_160803731.jpg\" \/>\n<meta name=\"twitter:card\" content=\"summary_large_image\" \/>\n<meta name=\"twitter:label1\" content=\"Gesch\u00e4tzte Lesezeit\" \/>\n\t<meta name=\"twitter:data1\" content=\"1\u00a0Minute\" \/>\n<script type=\"application\/ld+json\" class=\"yoast-schema-graph\">{\"@context\":\"https:\/\/schema.org\",\"@graph\":[{\"@type\":\"WebPage\",\"@id\":\"https:\/\/hausundwohnen.de\/?page_id=34\",\"url\":\"https:\/\/hausundwohnen.de\/?page_id=34\",\"name\":\"Rente - Ihr Partner f\u00fcr Ihre Finanzen und Baufinanzierungen\",\"isPartOf\":{\"@id\":\"https:\/\/hausundwohnen.de\/#website\"},\"primaryImageOfPage\":{\"@id\":\"https:\/\/hausundwohnen.de\/?page_id=34#primaryimage\"},\"image\":{\"@id\":\"https:\/\/hausundwohnen.de\/?page_id=34#primaryimage\"},\"thumbnailUrl\":\"http:\/\/hausundwohnen.de\/Word\/wordpress\/wp-content\/uploads\/2017\/07\/fotolia_160803731.jpg\",\"datePublished\":\"2017-07-10T09:38:55+00:00\",\"dateModified\":\"2021-02-25T14:28:45+00:00\",\"description\":\"Der Weg zum Eigenheim f\u00fchrt \u00fcber die Baufinanzierung. Wir, die Firma Haus&Wohnen bieten Ihnen eine individuelle, ma\u00dfgenaue und vor allen Dingen komplette Baufinanzierung.\",\"breadcrumb\":{\"@id\":\"https:\/\/hausundwohnen.de\/?page_id=34#breadcrumb\"},\"inLanguage\":\"de\",\"potentialAction\":[{\"@type\":\"ReadAction\",\"target\":[\"https:\/\/hausundwohnen.de\/?page_id=34\"]}]},{\"@type\":\"ImageObject\",\"inLanguage\":\"de\",\"@id\":\"https:\/\/hausundwohnen.de\/?page_id=34#primaryimage\",\"url\":\"http:\/\/hausundwohnen.de\/Word\/wordpress\/wp-content\/uploads\/2017\/07\/fotolia_160803731.jpg\",\"contentUrl\":\"http:\/\/hausundwohnen.de\/Word\/wordpress\/wp-content\/uploads\/2017\/07\/fotolia_160803731.jpg\"},{\"@type\":\"BreadcrumbList\",\"@id\":\"https:\/\/hausundwohnen.de\/?page_id=34#breadcrumb\",\"itemListElement\":[{\"@type\":\"ListItem\",\"position\":1,\"name\":\"Startseite\",\"item\":\"https:\/\/hausundwohnen.de\/\"},{\"@type\":\"ListItem\",\"position\":2,\"name\":\"Rente\"}]},{\"@type\":\"WebSite\",\"@id\":\"https:\/\/hausundwohnen.de\/#website\",\"url\":\"https:\/\/hausundwohnen.de\/\",\"name\":\"Ihr Partner f\u00fcr Ihre Finanzen und Baufinanzierungen\",\"description\":\"Ihre Finanzplanung\",\"publisher\":{\"@id\":\"https:\/\/hausundwohnen.de\/#organization\"},\"potentialAction\":[{\"@type\":\"SearchAction\",\"target\":{\"@type\":\"EntryPoint\",\"urlTemplate\":\"https:\/\/hausundwohnen.de\/?s={search_term_string}\"},\"query-input\":{\"@type\":\"PropertyValueSpecification\",\"valueRequired\":true,\"valueName\":\"search_term_string\"}}],\"inLanguage\":\"de\"},{\"@type\":\"Organization\",\"@id\":\"https:\/\/hausundwohnen.de\/#organization\",\"name\":\"Haus & Wohnen GmbH\",\"url\":\"https:\/\/hausundwohnen.de\/\",\"logo\":{\"@type\":\"ImageObject\",\"inLanguage\":\"de\",\"@id\":\"https:\/\/hausundwohnen.de\/#\/schema\/logo\/image\/\",\"url\":\"https:\/\/hausundwohnen.de\/wp-content\/uploads\/2021\/02\/HW-Logo-mittel-rgb.jpg\",\"contentUrl\":\"https:\/\/hausundwohnen.de\/wp-content\/uploads\/2021\/02\/HW-Logo-mittel-rgb.jpg\",\"width\":500,\"height\":336,\"caption\":\"Haus & Wohnen GmbH\"},\"image\":{\"@id\":\"https:\/\/hausundwohnen.de\/#\/schema\/logo\/image\/\"}}]}<\/script>\n<!-- \/ Yoast SEO plugin. -->","yoast_head_json":{"title":"Rente - Ihr Partner f\u00fcr Ihre Finanzen und Baufinanzierungen","description":"Der Weg zum Eigenheim f\u00fchrt \u00fcber die Baufinanzierung. Wir, die Firma Haus&Wohnen bieten Ihnen eine individuelle, ma\u00dfgenaue und vor allen Dingen komplette Baufinanzierung.","robots":{"index":"index","follow":"follow","max-snippet":"max-snippet:-1","max-image-preview":"max-image-preview:large","max-video-preview":"max-video-preview:-1"},"canonical":"https:\/\/hausundwohnen.de\/?page_id=34","og_locale":"de_DE","og_type":"article","og_title":"Rente - Ihr Partner f\u00fcr Ihre Finanzen und Baufinanzierungen","og_description":"Der Weg zum Eigenheim f\u00fchrt \u00fcber die Baufinanzierung. Wir, die Firma Haus&Wohnen bieten Ihnen eine individuelle, ma\u00dfgenaue und vor allen Dingen komplette Baufinanzierung.","og_url":"https:\/\/hausundwohnen.de\/?page_id=34","og_site_name":"Ihr Partner f\u00fcr Ihre Finanzen und Baufinanzierungen","article_modified_time":"2021-02-25T14:28:45+00:00","og_image":[{"url":"http:\/\/hausundwohnen.de\/Word\/wordpress\/wp-content\/uploads\/2017\/07\/fotolia_160803731.jpg","type":"","width":"","height":""}],"twitter_card":"summary_large_image","twitter_misc":{"Gesch\u00e4tzte Lesezeit":"1\u00a0Minute"},"schema":{"@context":"https:\/\/schema.org","@graph":[{"@type":"WebPage","@id":"https:\/\/hausundwohnen.de\/?page_id=34","url":"https:\/\/hausundwohnen.de\/?page_id=34","name":"Rente - Ihr Partner f\u00fcr Ihre Finanzen und Baufinanzierungen","isPartOf":{"@id":"https:\/\/hausundwohnen.de\/#website"},"primaryImageOfPage":{"@id":"https:\/\/hausundwohnen.de\/?page_id=34#primaryimage"},"image":{"@id":"https:\/\/hausundwohnen.de\/?page_id=34#primaryimage"},"thumbnailUrl":"http:\/\/hausundwohnen.de\/Word\/wordpress\/wp-content\/uploads\/2017\/07\/fotolia_160803731.jpg","datePublished":"2017-07-10T09:38:55+00:00","dateModified":"2021-02-25T14:28:45+00:00","description":"Der Weg zum Eigenheim f\u00fchrt \u00fcber die Baufinanzierung. Wir, die Firma Haus&Wohnen bieten Ihnen eine individuelle, ma\u00dfgenaue und vor allen Dingen komplette Baufinanzierung.","breadcrumb":{"@id":"https:\/\/hausundwohnen.de\/?page_id=34#breadcrumb"},"inLanguage":"de","potentialAction":[{"@type":"ReadAction","target":["https:\/\/hausundwohnen.de\/?page_id=34"]}]},{"@type":"ImageObject","inLanguage":"de","@id":"https:\/\/hausundwohnen.de\/?page_id=34#primaryimage","url":"http:\/\/hausundwohnen.de\/Word\/wordpress\/wp-content\/uploads\/2017\/07\/fotolia_160803731.jpg","contentUrl":"http:\/\/hausundwohnen.de\/Word\/wordpress\/wp-content\/uploads\/2017\/07\/fotolia_160803731.jpg"},{"@type":"BreadcrumbList","@id":"https:\/\/hausundwohnen.de\/?page_id=34#breadcrumb","itemListElement":[{"@type":"ListItem","position":1,"name":"Startseite","item":"https:\/\/hausundwohnen.de\/"},{"@type":"ListItem","position":2,"name":"Rente"}]},{"@type":"WebSite","@id":"https:\/\/hausundwohnen.de\/#website","url":"https:\/\/hausundwohnen.de\/","name":"Ihr Partner f\u00fcr Ihre Finanzen und Baufinanzierungen","description":"Ihre Finanzplanung","publisher":{"@id":"https:\/\/hausundwohnen.de\/#organization"},"potentialAction":[{"@type":"SearchAction","target":{"@type":"EntryPoint","urlTemplate":"https:\/\/hausundwohnen.de\/?s={search_term_string}"},"query-input":{"@type":"PropertyValueSpecification","valueRequired":true,"valueName":"search_term_string"}}],"inLanguage":"de"},{"@type":"Organization","@id":"https:\/\/hausundwohnen.de\/#organization","name":"Haus & Wohnen GmbH","url":"https:\/\/hausundwohnen.de\/","logo":{"@type":"ImageObject","inLanguage":"de","@id":"https:\/\/hausundwohnen.de\/#\/schema\/logo\/image\/","url":"https:\/\/hausundwohnen.de\/wp-content\/uploads\/2021\/02\/HW-Logo-mittel-rgb.jpg","contentUrl":"https:\/\/hausundwohnen.de\/wp-content\/uploads\/2021\/02\/HW-Logo-mittel-rgb.jpg","width":500,"height":336,"caption":"Haus & Wohnen GmbH"},"image":{"@id":"https:\/\/hausundwohnen.de\/#\/schema\/logo\/image\/"}}]}},"_links":{"self":[{"href":"https:\/\/hausundwohnen.de\/index.php?rest_route=\/wp\/v2\/pages\/34","targetHints":{"allow":["GET"]}}],"collection":[{"href":"https:\/\/hausundwohnen.de\/index.php?rest_route=\/wp\/v2\/pages"}],"about":[{"href":"https:\/\/hausundwohnen.de\/index.php?rest_route=\/wp\/v2\/types\/page"}],"author":[{"embeddable":true,"href":"https:\/\/hausundwohnen.de\/index.php?rest_route=\/wp\/v2\/users\/1"}],"replies":[{"embeddable":true,"href":"https:\/\/hausundwohnen.de\/index.php?rest_route=%2Fwp%2Fv2%2Fcomments&post=34"}],"version-history":[{"count":7,"href":"https:\/\/hausundwohnen.de\/index.php?rest_route=\/wp\/v2\/pages\/34\/revisions"}],"predecessor-version":[{"id":409,"href":"https:\/\/hausundwohnen.de\/index.php?rest_route=\/wp\/v2\/pages\/34\/revisions\/409"}],"wp:attachment":[{"href":"https:\/\/hausundwohnen.de\/index.php?rest_route=%2Fwp%2Fv2%2Fmedia&parent=34"}],"curies":[{"name":"wp","href":"https:\/\/api.w.org\/{rel}","templated":true}]}}