{"id":37,"date":"2017-07-10T11:40:46","date_gmt":"2017-07-10T09:40:46","guid":{"rendered":"http:\/\/hausundwohnen.de\/Word\/wordpress\/?page_id=37"},"modified":"2021-02-19T09:08:44","modified_gmt":"2021-02-19T08:08:44","slug":"foerdermittel","status":"publish","type":"page","link":"https:\/\/hausundwohnen.de\/?page_id=37","title":{"rendered":"F\u00f6rdermittel"},"content":{"rendered":"<p><img loading=\"lazy\" decoding=\"async\" class=\"alignright\" src=\"http:\/\/hausundwohnen.de\/Word\/wordpress\/wp-content\/uploads\/2017\/07\/fotolia_141381565.jpg\" alt=\"\" width=\"500\" height=\"357\" \/>Wer eine Immobilie kaufen m\u00f6chte, einen Neubau plant oder Modernisieren m\u00f6chte, sollte auch das Thema F\u00f6rdermittel mit in die Finanzierung einbeziehen. Denn diese F\u00f6rdermittel helfen nicht nur, manch schwierige Finanzierung \u00fcberhaupt erst m\u00f6glich zu machen, sondern helfen Ihnen auch, bares Geld zu sparen!<\/p>\n<p>Ihre Vorteile im \u00dcberblick:<\/p>\n<ul>\n<li>Regionale und bundesweite F\u00f6rdermittel<\/li>\n<li>Staatliche Zusch\u00fcsse<\/li>\n<li>verg\u00fcnstigte Kredite der KfW<\/li>\n<li>Wir suchen f\u00fcr Sie die passende F\u00f6rderung aus mehreren hundert F\u00f6rdermitteln der KfW<\/li>\n<li>Erstellung von Antr\u00e4gen f\u00fcr die F\u00f6rdermittel<\/li>\n<li>Hilfe bei der F\u00f6rderung durch die BAFA<\/li>\n<\/ul>\n<p>Welche F\u00f6rdermittel f\u00fcr Sie interessant sind und worauf Sie achten m\u00fcssen, sagen wir Ihnen gerne. Lassen Sie sich daher unverbindlich von uns beraten!<\/p>\n","protected":false},"excerpt":{"rendered":"<p>Wer eine Immobilie kaufen m\u00f6chte, einen Neubau plant oder Modernisieren m\u00f6chte, sollte auch das Thema F\u00f6rdermittel mit in die Finanzierung einbeziehen. Denn diese F\u00f6rdermittel helfen nicht nur, manch schwierige Finanzierung \u00fcberhaupt erst m\u00f6glich zu machen, sondern helfen Ihnen auch, bares Geld zu sparen! Ihre Vorteile im \u00dcberblick: Regionale und bundesweite &hellip;<\/p>\n","protected":false},"author":1,"featured_media":0,"parent":0,"menu_order":0,"comment_status":"closed","ping_status":"closed","template":"","meta":{"footnotes":""},"class_list":["post-37","page","type-page","status-publish","hentry"],"yoast_head":"<!-- This site is optimized with the Yoast SEO plugin v26.6 - https:\/\/yoast.com\/wordpress\/plugins\/seo\/ -->\n<title>F\u00f6rdermittel - Ihr Partner f\u00fcr Ihre Finanzen und Baufinanzierungen<\/title>\n<meta name=\"description\" content=\"Der Weg zum Eigenheim f\u00fchrt \u00fcber die Baufinanzierung. Wir, die Firma Haus&amp;Wohnen bieten Ihnen eine individuelle, ma\u00dfgenaue und vor allen Dingen komplette Baufinanzierung.\" \/>\n<meta name=\"robots\" content=\"index, follow, max-snippet:-1, max-image-preview:large, max-video-preview:-1\" \/>\n<link rel=\"canonical\" href=\"https:\/\/hausundwohnen.de\/?page_id=37\" \/>\n<meta property=\"og:locale\" content=\"de_DE\" \/>\n<meta property=\"og:type\" content=\"article\" \/>\n<meta property=\"og:title\" content=\"F\u00f6rdermittel - Ihr Partner f\u00fcr Ihre Finanzen und Baufinanzierungen\" \/>\n<meta property=\"og:description\" content=\"Der Weg zum Eigenheim f\u00fchrt \u00fcber die Baufinanzierung. Wir, die Firma Haus&amp;Wohnen bieten Ihnen eine individuelle, ma\u00dfgenaue und vor allen Dingen komplette Baufinanzierung.\" \/>\n<meta property=\"og:url\" content=\"https:\/\/hausundwohnen.de\/?page_id=37\" \/>\n<meta property=\"og:site_name\" content=\"Ihr Partner f\u00fcr Ihre Finanzen und Baufinanzierungen\" \/>\n<meta property=\"article:modified_time\" content=\"2021-02-19T08:08:44+00:00\" \/>\n<meta property=\"og:image\" content=\"http:\/\/hausundwohnen.de\/Word\/wordpress\/wp-content\/uploads\/2017\/07\/fotolia_141381565.jpg\" \/>\n<meta name=\"twitter:card\" content=\"summary_large_image\" \/>\n<meta name=\"twitter:label1\" content=\"Gesch\u00e4tzte Lesezeit\" \/>\n\t<meta name=\"twitter:data1\" content=\"1\u00a0Minute\" \/>\n<script type=\"application\/ld+json\" class=\"yoast-schema-graph\">{\"@context\":\"https:\/\/schema.org\",\"@graph\":[{\"@type\":\"WebPage\",\"@id\":\"https:\/\/hausundwohnen.de\/?page_id=37\",\"url\":\"https:\/\/hausundwohnen.de\/?page_id=37\",\"name\":\"F\u00f6rdermittel - Ihr Partner f\u00fcr Ihre Finanzen und Baufinanzierungen\",\"isPartOf\":{\"@id\":\"https:\/\/hausundwohnen.de\/#website\"},\"primaryImageOfPage\":{\"@id\":\"https:\/\/hausundwohnen.de\/?page_id=37#primaryimage\"},\"image\":{\"@id\":\"https:\/\/hausundwohnen.de\/?page_id=37#primaryimage\"},\"thumbnailUrl\":\"http:\/\/hausundwohnen.de\/Word\/wordpress\/wp-content\/uploads\/2017\/07\/fotolia_141381565.jpg\",\"datePublished\":\"2017-07-10T09:40:46+00:00\",\"dateModified\":\"2021-02-19T08:08:44+00:00\",\"description\":\"Der Weg zum Eigenheim f\u00fchrt \u00fcber die Baufinanzierung. Wir, die Firma Haus&Wohnen bieten Ihnen eine individuelle, ma\u00dfgenaue und vor allen Dingen komplette Baufinanzierung.\",\"breadcrumb\":{\"@id\":\"https:\/\/hausundwohnen.de\/?page_id=37#breadcrumb\"},\"inLanguage\":\"de\",\"potentialAction\":[{\"@type\":\"ReadAction\",\"target\":[\"https:\/\/hausundwohnen.de\/?page_id=37\"]}]},{\"@type\":\"ImageObject\",\"inLanguage\":\"de\",\"@id\":\"https:\/\/hausundwohnen.de\/?page_id=37#primaryimage\",\"url\":\"http:\/\/hausundwohnen.de\/Word\/wordpress\/wp-content\/uploads\/2017\/07\/fotolia_141381565.jpg\",\"contentUrl\":\"http:\/\/hausundwohnen.de\/Word\/wordpress\/wp-content\/uploads\/2017\/07\/fotolia_141381565.jpg\"},{\"@type\":\"BreadcrumbList\",\"@id\":\"https:\/\/hausundwohnen.de\/?page_id=37#breadcrumb\",\"itemListElement\":[{\"@type\":\"ListItem\",\"position\":1,\"name\":\"Startseite\",\"item\":\"https:\/\/hausundwohnen.de\/\"},{\"@type\":\"ListItem\",\"position\":2,\"name\":\"F\u00f6rdermittel\"}]},{\"@type\":\"WebSite\",\"@id\":\"https:\/\/hausundwohnen.de\/#website\",\"url\":\"https:\/\/hausundwohnen.de\/\",\"name\":\"Ihr Partner f\u00fcr Ihre Finanzen und Baufinanzierungen\",\"description\":\"Ihre Finanzplanung\",\"publisher\":{\"@id\":\"https:\/\/hausundwohnen.de\/#organization\"},\"potentialAction\":[{\"@type\":\"SearchAction\",\"target\":{\"@type\":\"EntryPoint\",\"urlTemplate\":\"https:\/\/hausundwohnen.de\/?s={search_term_string}\"},\"query-input\":{\"@type\":\"PropertyValueSpecification\",\"valueRequired\":true,\"valueName\":\"search_term_string\"}}],\"inLanguage\":\"de\"},{\"@type\":\"Organization\",\"@id\":\"https:\/\/hausundwohnen.de\/#organization\",\"name\":\"Haus & Wohnen GmbH\",\"url\":\"https:\/\/hausundwohnen.de\/\",\"logo\":{\"@type\":\"ImageObject\",\"inLanguage\":\"de\",\"@id\":\"https:\/\/hausundwohnen.de\/#\/schema\/logo\/image\/\",\"url\":\"https:\/\/hausundwohnen.de\/wp-content\/uploads\/2021\/02\/HW-Logo-mittel-rgb.jpg\",\"contentUrl\":\"https:\/\/hausundwohnen.de\/wp-content\/uploads\/2021\/02\/HW-Logo-mittel-rgb.jpg\",\"width\":500,\"height\":336,\"caption\":\"Haus & Wohnen GmbH\"},\"image\":{\"@id\":\"https:\/\/hausundwohnen.de\/#\/schema\/logo\/image\/\"}}]}<\/script>\n<!-- \/ Yoast SEO plugin. -->","yoast_head_json":{"title":"F\u00f6rdermittel - Ihr Partner f\u00fcr Ihre Finanzen und Baufinanzierungen","description":"Der Weg zum Eigenheim f\u00fchrt \u00fcber die Baufinanzierung. Wir, die Firma Haus&Wohnen bieten Ihnen eine individuelle, ma\u00dfgenaue und vor allen Dingen komplette Baufinanzierung.","robots":{"index":"index","follow":"follow","max-snippet":"max-snippet:-1","max-image-preview":"max-image-preview:large","max-video-preview":"max-video-preview:-1"},"canonical":"https:\/\/hausundwohnen.de\/?page_id=37","og_locale":"de_DE","og_type":"article","og_title":"F\u00f6rdermittel - Ihr Partner f\u00fcr Ihre Finanzen und Baufinanzierungen","og_description":"Der Weg zum Eigenheim f\u00fchrt \u00fcber die Baufinanzierung. Wir, die Firma Haus&Wohnen bieten Ihnen eine individuelle, ma\u00dfgenaue und vor allen Dingen komplette Baufinanzierung.","og_url":"https:\/\/hausundwohnen.de\/?page_id=37","og_site_name":"Ihr Partner f\u00fcr Ihre Finanzen und Baufinanzierungen","article_modified_time":"2021-02-19T08:08:44+00:00","og_image":[{"url":"http:\/\/hausundwohnen.de\/Word\/wordpress\/wp-content\/uploads\/2017\/07\/fotolia_141381565.jpg","type":"","width":"","height":""}],"twitter_card":"summary_large_image","twitter_misc":{"Gesch\u00e4tzte Lesezeit":"1\u00a0Minute"},"schema":{"@context":"https:\/\/schema.org","@graph":[{"@type":"WebPage","@id":"https:\/\/hausundwohnen.de\/?page_id=37","url":"https:\/\/hausundwohnen.de\/?page_id=37","name":"F\u00f6rdermittel - Ihr Partner f\u00fcr Ihre Finanzen und Baufinanzierungen","isPartOf":{"@id":"https:\/\/hausundwohnen.de\/#website"},"primaryImageOfPage":{"@id":"https:\/\/hausundwohnen.de\/?page_id=37#primaryimage"},"image":{"@id":"https:\/\/hausundwohnen.de\/?page_id=37#primaryimage"},"thumbnailUrl":"http:\/\/hausundwohnen.de\/Word\/wordpress\/wp-content\/uploads\/2017\/07\/fotolia_141381565.jpg","datePublished":"2017-07-10T09:40:46+00:00","dateModified":"2021-02-19T08:08:44+00:00","description":"Der Weg zum Eigenheim f\u00fchrt \u00fcber die Baufinanzierung. Wir, die Firma Haus&Wohnen bieten Ihnen eine individuelle, ma\u00dfgenaue und vor allen Dingen komplette Baufinanzierung.","breadcrumb":{"@id":"https:\/\/hausundwohnen.de\/?page_id=37#breadcrumb"},"inLanguage":"de","potentialAction":[{"@type":"ReadAction","target":["https:\/\/hausundwohnen.de\/?page_id=37"]}]},{"@type":"ImageObject","inLanguage":"de","@id":"https:\/\/hausundwohnen.de\/?page_id=37#primaryimage","url":"http:\/\/hausundwohnen.de\/Word\/wordpress\/wp-content\/uploads\/2017\/07\/fotolia_141381565.jpg","contentUrl":"http:\/\/hausundwohnen.de\/Word\/wordpress\/wp-content\/uploads\/2017\/07\/fotolia_141381565.jpg"},{"@type":"BreadcrumbList","@id":"https:\/\/hausundwohnen.de\/?page_id=37#breadcrumb","itemListElement":[{"@type":"ListItem","position":1,"name":"Startseite","item":"https:\/\/hausundwohnen.de\/"},{"@type":"ListItem","position":2,"name":"F\u00f6rdermittel"}]},{"@type":"WebSite","@id":"https:\/\/hausundwohnen.de\/#website","url":"https:\/\/hausundwohnen.de\/","name":"Ihr Partner f\u00fcr Ihre Finanzen und Baufinanzierungen","description":"Ihre Finanzplanung","publisher":{"@id":"https:\/\/hausundwohnen.de\/#organization"},"potentialAction":[{"@type":"SearchAction","target":{"@type":"EntryPoint","urlTemplate":"https:\/\/hausundwohnen.de\/?s={search_term_string}"},"query-input":{"@type":"PropertyValueSpecification","valueRequired":true,"valueName":"search_term_string"}}],"inLanguage":"de"},{"@type":"Organization","@id":"https:\/\/hausundwohnen.de\/#organization","name":"Haus & Wohnen GmbH","url":"https:\/\/hausundwohnen.de\/","logo":{"@type":"ImageObject","inLanguage":"de","@id":"https:\/\/hausundwohnen.de\/#\/schema\/logo\/image\/","url":"https:\/\/hausundwohnen.de\/wp-content\/uploads\/2021\/02\/HW-Logo-mittel-rgb.jpg","contentUrl":"https:\/\/hausundwohnen.de\/wp-content\/uploads\/2021\/02\/HW-Logo-mittel-rgb.jpg","width":500,"height":336,"caption":"Haus & Wohnen GmbH"},"image":{"@id":"https:\/\/hausundwohnen.de\/#\/schema\/logo\/image\/"}}]}},"_links":{"self":[{"href":"https:\/\/hausundwohnen.de\/index.php?rest_route=\/wp\/v2\/pages\/37","targetHints":{"allow":["GET"]}}],"collection":[{"href":"https:\/\/hausundwohnen.de\/index.php?rest_route=\/wp\/v2\/pages"}],"about":[{"href":"https:\/\/hausundwohnen.de\/index.php?rest_route=\/wp\/v2\/types\/page"}],"author":[{"embeddable":true,"href":"https:\/\/hausundwohnen.de\/index.php?rest_route=\/wp\/v2\/users\/1"}],"replies":[{"embeddable":true,"href":"https:\/\/hausundwohnen.de\/index.php?rest_route=%2Fwp%2Fv2%2Fcomments&post=37"}],"version-history":[{"count":6,"href":"https:\/\/hausundwohnen.de\/index.php?rest_route=\/wp\/v2\/pages\/37\/revisions"}],"predecessor-version":[{"id":355,"href":"https:\/\/hausundwohnen.de\/index.php?rest_route=\/wp\/v2\/pages\/37\/revisions\/355"}],"wp:attachment":[{"href":"https:\/\/hausundwohnen.de\/index.php?rest_route=%2Fwp%2Fv2%2Fmedia&parent=37"}],"curies":[{"name":"wp","href":"https:\/\/api.w.org\/{rel}","templated":true}]}}